{"id":2,"date":"2022-09-28T23:11:43","date_gmt":"2022-09-28T21:11:43","guid":{"rendered":"http:\/\/mupicsphoto.monespace.be\/wordpress\/?page_id=2"},"modified":"2022-11-01T14:55:58","modified_gmt":"2022-11-01T13:55:58","slug":"page-d-exemple","status":"publish","type":"page","link":"http:\/\/mupicsphoto.monespace.be\/wordpress\/page-d-exemple\/","title":{"rendered":"Qui est derri\u00e8re cette page"},"content":{"rendered":"\n<p>Lorsque j\u2019\u00e9tais enfant, j\u2019allais avec l\u2019\u00e9cole faire des excursions, pour immortaliser ces moments, mes parents m\u2019achetaient un petit appareil photo jetable.<\/p>\n\n\n\n<p>J\u2019y ai pris go\u00fbt, alors un peu plus grande, je demandais \u00e0 mon fr\u00e8re son appareil photo \u00e0 pr\u00eater (un argentique) mais \u00e7a revenait beaucoup trop cher au d\u00e9veloppement. Je devais alors me limiter au nombre de photos, sans savoir si elles \u00e9taient r\u00e9ussites.<\/p>\n\n\n\n<p>Vient alors l\u2019air du num\u00e9rique. O\u00f9 j\u2019ach\u00e8te un petit appareil de poche, mais la qualit\u00e9 \u00e9tait moins int\u00e9ressante.<\/p>\n\n\n\n<p>Du coup je d\u00e9cidais de mettre de l\u2019argent de c\u00f4t\u00e9 afin de m\u2019acheter un \u00ab reflex \u00bb mon tout premier Canon EOS 300D et l\u00e0, le bonheur, je n\u2019\u00e9tais plus limit\u00e9e en nombre de photos et je pouvais commencer \u00e0 travailler sur les r\u00e9glages, entre les paysages, les matchs de basket, et les \u00e9v\u00e8nements tels que la Saint Roch j\u2019y prenais un r\u00e9el plaisir.<\/p>\n\n\n\n<p>Depuis, je continue, je tente de m\u2019am\u00e9liorer \u00e0 chaque photo.<\/p>\n\n\n\n<p>L\u2019envie de partager ce hobby, j\u2019ai donc d\u00e9cid\u00e9 de cr\u00e9er un site internet ainsi qu\u2019une page Facebook.<\/p>\n\n\n\n<p>Mais \u00e7a ne s\u2019arr\u00eate finalement pas l\u00e0, j\u2019ai d\u00e9cid\u00e9 de faire la collection d\u2019appareils photos. (avec plus de 150 appareils)<\/p>\n\n\n\n<p><\/p>\n","protected":false},"excerpt":{"rendered":"<p>Lorsque j\u2019\u00e9tais enfant, j\u2019allais avec l\u2019\u00e9cole faire des excursions, pour immortaliser ces moments, mes parents m\u2019achetaient un petit appareil photo jetable. J\u2019y ai pris go\u00fbt, alors un peu plus grande, je demandais \u00e0 mon fr\u00e8re son appareil photo \u00e0 pr\u00eater (un argentique) mais \u00e7a revenait beaucoup trop cher au d\u00e9veloppement. Je devais alors me limiter [&hellip;]<\/p>\n","protected":false},"author":1,"featured_media":0,"parent":0,"menu_order":0,"comment_status":"closed","ping_status":"open","template":"","meta":{"two_page_speed":{"previous_score":{"desktop_score":74,"desktop_tti":"1.8\u00a0","mobile_score":45,"mobile_tti":"5.9\u00a0","date":"13.11.2022 07:32:32 pm"}},"footnotes":""},"class_list":["post-2","page","type-page","status-publish","hentry"],"_links":{"self":[{"href":"http:\/\/mupicsphoto.monespace.be\/wordpress\/wp-json\/wp\/v2\/pages\/2","targetHints":{"allow":["GET"]}}],"collection":[{"href":"http:\/\/mupicsphoto.monespace.be\/wordpress\/wp-json\/wp\/v2\/pages"}],"about":[{"href":"http:\/\/mupicsphoto.monespace.be\/wordpress\/wp-json\/wp\/v2\/types\/page"}],"author":[{"embeddable":true,"href":"http:\/\/mupicsphoto.monespace.be\/wordpress\/wp-json\/wp\/v2\/users\/1"}],"replies":[{"embeddable":true,"href":"http:\/\/mupicsphoto.monespace.be\/wordpress\/wp-json\/wp\/v2\/comments?post=2"}],"version-history":[{"count":1,"href":"http:\/\/mupicsphoto.monespace.be\/wordpress\/wp-json\/wp\/v2\/pages\/2\/revisions"}],"predecessor-version":[{"id":127,"href":"http:\/\/mupicsphoto.monespace.be\/wordpress\/wp-json\/wp\/v2\/pages\/2\/revisions\/127"}],"wp:attachment":[{"href":"http:\/\/mupicsphoto.monespace.be\/wordpress\/wp-json\/wp\/v2\/media?parent=2"}],"curies":[{"name":"wp","href":"https:\/\/api.w.org\/{rel}","templated":true}]}}