{"id":6,"date":"2022-09-28T21:21:22","date_gmt":"2022-09-28T19:21:22","guid":{"rendered":"http:\/\/mupicsphoto.monespace.be\/wordpress\/home\/"},"modified":"2024-10-28T17:25:47","modified_gmt":"2024-10-28T16:25:47","slug":"home","status":"publish","type":"page","link":"https:\/\/mupicsphoto.monespace.be\/wordpress\/","title":{"rendered":"Home"},"content":{"rendered":"\n<div class=\"wp-block-columns alignwide is-layout-flex wp-container-core-columns-is-layout-829b1d53 wp-block-columns-is-layout-flex\" style=\"margin-bottom:0\">\n<div class=\"wp-block-column has-text-color has-background has-link-color wp-elements-8a87bea63ef2138c8b047e307d15e1fc is-layout-flow wp-block-column-is-layout-flow\" style=\"color:#000000;background-color:#FA7315;padding-top:2em;padding-right:2em;padding-bottom:2em;padding-left:2em\">\n<h2 class=\"wp-block-heading\" id=\"single\" style=\"font-size:40px\"><strong>Voyages<\/strong><\/h2>\n\n\n\n<p class=\"has-normal-font-size\" style=\"line-height:1.5\"><strong><em>Visitez les diff\u00e9rentes villes, villages dans notre beau pays et au-del\u00e0 des fronti\u00e8res &#8230;<\/em><\/strong><\/p>\n\n\n\n<hr class=\"wp-block-separator has-text-color has-css-opacity has-background is-style-wide\" style=\"background-color:#000000;color:#000000\"\/>\n\n\n\n<figure class=\"wp-block-image size-large\"><img loading=\"lazy\" decoding=\"async\" width=\"1024\" height=\"683\" src=\"http:\/\/mupicsphoto.monespace.be\/wordpress\/wp-content\/uploads\/2023\/11\/IMG_0043-1024x683.jpg\" alt=\"\" class=\"wp-image-1348\" srcset=\"https:\/\/mupicsphoto.monespace.be\/wordpress\/wp-content\/uploads\/2023\/11\/IMG_0043-1024x683.jpg 1024w, https:\/\/mupicsphoto.monespace.be\/wordpress\/wp-content\/uploads\/2023\/11\/IMG_0043-300x200.jpg 300w, https:\/\/mupicsphoto.monespace.be\/wordpress\/wp-content\/uploads\/2023\/11\/IMG_0043-768x512.jpg 768w, https:\/\/mupicsphoto.monespace.be\/wordpress\/wp-content\/uploads\/2023\/11\/IMG_0043-1240x827.jpg 1240w, https:\/\/mupicsphoto.monespace.be\/wordpress\/wp-content\/uploads\/2023\/11\/IMG_0043-508x339.jpg 508w, https:\/\/mupicsphoto.monespace.be\/wordpress\/wp-content\/uploads\/2023\/11\/IMG_0043.jpg 1500w\" sizes=\"auto, (max-width: 1024px) 100vw, 1024px\" \/><\/figure>\n\n\n\n<div class=\"wp-block-buttons alignfull is-horizontal is-content-justification-center is-layout-flex wp-container-core-buttons-is-layout-499968f5 wp-block-buttons-is-layout-flex\">\n<div class=\"wp-block-button has-custom-width wp-block-button__width-100\"><a class=\"wp-block-button__link has-white-color has-text-color has-background no-border-radius wp-element-button\" href=\"http:\/\/mupicsphoto.monespace.be\/wordpress\/2023\/06\/28\/decouvertes-de-villes-et-de-villages\/\" style=\"background-color:#000000\">C&rsquo;est par ici<\/a><\/div>\n<\/div>\n<\/div>\n\n\n\n<div class=\"wp-block-column has-text-color has-background has-link-color wp-elements-ccaa2c3291f7d3436a540ba95c04fb9c is-layout-flow wp-block-column-is-layout-flow\" style=\"color:#000000;background-color:#BBBBBB;padding-top:2em;padding-right:2em;padding-bottom:2em;padding-left:2em\">\n<h2 class=\"wp-block-heading\" id=\"family\" style=\"font-size:40px\"><strong>urbex<\/strong><\/h2>\n\n\n\n<p class=\"has-normal-font-size\" style=\"line-height:1.5\"><strong><em>L&rsquo;exploration urbaine, est une pratique consistant \u00e0 visiter des lieux abandonn\u00e9s&nbsp;<\/em><\/strong><\/p>\n\n\n\n<hr class=\"wp-block-separator has-css-opacity is-style-wide\"\/>\n\n\n\n<figure class=\"wp-block-image size-large\"><img loading=\"lazy\" decoding=\"async\" width=\"1024\" height=\"683\" src=\"http:\/\/mupicsphoto.monespace.be\/wordpress\/wp-content\/uploads\/2023\/11\/IMG_0685-1024x683.jpg\" alt=\"\" class=\"wp-image-1345\" srcset=\"https:\/\/mupicsphoto.monespace.be\/wordpress\/wp-content\/uploads\/2023\/11\/IMG_0685-1024x683.jpg 1024w, https:\/\/mupicsphoto.monespace.be\/wordpress\/wp-content\/uploads\/2023\/11\/IMG_0685-300x200.jpg 300w, https:\/\/mupicsphoto.monespace.be\/wordpress\/wp-content\/uploads\/2023\/11\/IMG_0685-768x512.jpg 768w, https:\/\/mupicsphoto.monespace.be\/wordpress\/wp-content\/uploads\/2023\/11\/IMG_0685-1536x1024.jpg 1536w, https:\/\/mupicsphoto.monespace.be\/wordpress\/wp-content\/uploads\/2023\/11\/IMG_0685-2048x1365.jpg 2048w, https:\/\/mupicsphoto.monespace.be\/wordpress\/wp-content\/uploads\/2023\/11\/IMG_0685-1240x827.jpg 1240w, https:\/\/mupicsphoto.monespace.be\/wordpress\/wp-content\/uploads\/2023\/11\/IMG_0685-508x339.jpg 508w\" sizes=\"auto, (max-width: 1024px) 100vw, 1024px\" \/><\/figure>\n\n\n\n<div class=\"wp-block-buttons alignfull is-horizontal is-content-justification-center is-layout-flex wp-container-core-buttons-is-layout-499968f5 wp-block-buttons-is-layout-flex\">\n<div class=\"wp-block-button has-custom-width wp-block-button__width-100 is-style-fill\"><a class=\"wp-block-button__link has-white-color has-text-color has-background no-border-radius wp-element-button\" href=\"http:\/\/mupicsphoto.monespace.be\/wordpress\/category\/urbex\/\" style=\"background-color:#000000\">C&rsquo;est par ici<\/a><\/div>\n<\/div>\n<\/div>\n\n\n\n<div class=\"wp-block-column has-text-color has-background has-link-color wp-elements-e3755b9d38b76ce5a2cbf16615ad1df6 is-layout-flow wp-block-column-is-layout-flow\" style=\"color:#000000;background-color:#9FFFEE;padding-top:2em;padding-right:2em;padding-bottom:2em;padding-left:2em\">\n<h2 class=\"wp-block-heading\" id=\"patron\" style=\"font-size:40px\"><strong>BikE &amp; CAR<\/strong><\/h2>\n\n\n\n<p class=\"has-normal-font-size\">Entrons dans le monde de la moto&#8230;<\/p>\n\n\n\n<hr class=\"wp-block-separator has-css-opacity is-style-wide\"\/>\n\n\n\n<figure class=\"wp-block-image size-large\"><img loading=\"lazy\" decoding=\"async\" width=\"1024\" height=\"768\" src=\"http:\/\/mupicsphoto.monespace.be\/wordpress\/wp-content\/uploads\/2023\/11\/IMG_5665-1-1024x768.jpg\" alt=\"\" class=\"wp-image-1356\" srcset=\"https:\/\/mupicsphoto.monespace.be\/wordpress\/wp-content\/uploads\/2023\/11\/IMG_5665-1-1024x768.jpg 1024w, https:\/\/mupicsphoto.monespace.be\/wordpress\/wp-content\/uploads\/2023\/11\/IMG_5665-1-300x225.jpg 300w, https:\/\/mupicsphoto.monespace.be\/wordpress\/wp-content\/uploads\/2023\/11\/IMG_5665-1-768x576.jpg 768w, https:\/\/mupicsphoto.monespace.be\/wordpress\/wp-content\/uploads\/2023\/11\/IMG_5665-1-1536x1152.jpg 1536w, https:\/\/mupicsphoto.monespace.be\/wordpress\/wp-content\/uploads\/2023\/11\/IMG_5665-1-2048x1536.jpg 2048w, https:\/\/mupicsphoto.monespace.be\/wordpress\/wp-content\/uploads\/2023\/11\/IMG_5665-1-1240x930.jpg 1240w, https:\/\/mupicsphoto.monespace.be\/wordpress\/wp-content\/uploads\/2023\/11\/IMG_5665-1-508x381.jpg 508w\" sizes=\"auto, (max-width: 1024px) 100vw, 1024px\" \/><\/figure>\n\n\n\n<div class=\"wp-block-buttons alignfull is-horizontal is-content-justification-center is-layout-flex wp-container-core-buttons-is-layout-499968f5 wp-block-buttons-is-layout-flex\">\n<div class=\"wp-block-button has-custom-width wp-block-button__width-100\"><a class=\"wp-block-button__link has-white-color has-text-color has-background no-border-radius wp-element-button\" href=\"http:\/\/mupicsphoto.monespace.be\/wordpress\/category\/moto\/\" style=\"background-color:#000000\">C&rsquo;est par ici<\/a><\/div>\n<\/div>\n<\/div>\n<\/div>\n\n\n\n<div class=\"wp-block-columns alignwide is-layout-flex wp-container-core-columns-is-layout-829b1d53 wp-block-columns-is-layout-flex\" style=\"margin-bottom:0\">\n<div class=\"wp-block-column has-text-color has-background has-link-color wp-elements-de62badf446dc556e474239cbceef295 is-layout-flow wp-block-column-is-layout-flow\" style=\"color:#000000;background-color:#9FFFEE;padding-top:2em;padding-right:2em;padding-bottom:2em;padding-left:2em\">\n<h2 class=\"wp-block-heading\" id=\"patron\" style=\"font-size:40px\"><strong>Memory <\/strong><\/h2>\n\n\n\n<p class=\"has-normal-font-size\"><strong>Lieux de m\u00e9moire.<\/strong><\/p>\n\n\n\n<hr class=\"wp-block-separator has-css-opacity is-style-wide\"\/>\n\n\n\n<figure class=\"wp-block-image size-full\"><img loading=\"lazy\" decoding=\"async\" width=\"790\" height=\"526\" src=\"http:\/\/mupicsphoto.monespace.be\/wordpress\/wp-content\/uploads\/2023\/11\/IMG_0830.jpg\" alt=\"\" class=\"wp-image-1343\" srcset=\"https:\/\/mupicsphoto.monespace.be\/wordpress\/wp-content\/uploads\/2023\/11\/IMG_0830.jpg 790w, https:\/\/mupicsphoto.monespace.be\/wordpress\/wp-content\/uploads\/2023\/11\/IMG_0830-300x200.jpg 300w, https:\/\/mupicsphoto.monespace.be\/wordpress\/wp-content\/uploads\/2023\/11\/IMG_0830-768x511.jpg 768w, https:\/\/mupicsphoto.monespace.be\/wordpress\/wp-content\/uploads\/2023\/11\/IMG_0830-508x338.jpg 508w\" sizes=\"auto, (max-width: 790px) 100vw, 790px\" \/><\/figure>\n\n\n\n<div class=\"wp-block-buttons alignfull is-horizontal is-content-justification-center is-layout-flex wp-container-core-buttons-is-layout-499968f5 wp-block-buttons-is-layout-flex\">\n<div class=\"wp-block-button has-custom-width wp-block-button__width-100\"><a class=\"wp-block-button__link has-white-color has-text-color has-background no-border-radius wp-element-button\" href=\"http:\/\/mupicsphoto.monespace.be\/wordpress\/category\/memory\/\" style=\"background-color:#000000\">C&rsquo;est par ici<\/a><\/div>\n<\/div>\n<\/div>\n\n\n\n<div class=\"wp-block-column has-text-color has-background has-link-color wp-elements-0cc5e0dfbbffd09af5a93d99d25a13d5 is-layout-flow wp-block-column-is-layout-flow\" style=\"color:#000000;background-color:#d1d1e1;padding-top:2em;padding-right:2em;padding-bottom:2em;padding-left:2em\">\n<h2 class=\"wp-block-heading\" id=\"patron\" style=\"font-size:40px\"><strong>events<\/strong><\/h2>\n\n\n\n<p class=\"has-normal-font-size\">Marche folklorique, march\u00e9 de No\u00ebl<\/p>\n\n\n\n<hr class=\"wp-block-separator has-css-opacity is-style-wide\"\/>\n\n\n\n<figure class=\"wp-block-image size-large\"><img loading=\"lazy\" decoding=\"async\" width=\"1024\" height=\"683\" src=\"http:\/\/mupicsphoto.monespace.be\/wordpress\/wp-content\/uploads\/2024\/04\/IMG_9368-1024x683.jpg\" alt=\"\" class=\"wp-image-1493\" srcset=\"https:\/\/mupicsphoto.monespace.be\/wordpress\/wp-content\/uploads\/2024\/04\/IMG_9368-1024x683.jpg 1024w, https:\/\/mupicsphoto.monespace.be\/wordpress\/wp-content\/uploads\/2024\/04\/IMG_9368-300x200.jpg 300w, https:\/\/mupicsphoto.monespace.be\/wordpress\/wp-content\/uploads\/2024\/04\/IMG_9368-768x512.jpg 768w, https:\/\/mupicsphoto.monespace.be\/wordpress\/wp-content\/uploads\/2024\/04\/IMG_9368-1240x827.jpg 1240w, https:\/\/mupicsphoto.monespace.be\/wordpress\/wp-content\/uploads\/2024\/04\/IMG_9368-508x339.jpg 508w, https:\/\/mupicsphoto.monespace.be\/wordpress\/wp-content\/uploads\/2024\/04\/IMG_9368.jpg 1500w\" sizes=\"auto, (max-width: 1024px) 100vw, 1024px\" \/><\/figure>\n\n\n\n<div class=\"wp-block-buttons alignfull is-horizontal is-content-justification-center is-layout-flex wp-container-core-buttons-is-layout-499968f5 wp-block-buttons-is-layout-flex\">\n<div class=\"wp-block-button has-custom-width wp-block-button__width-100\"><a class=\"wp-block-button__link has-white-color has-text-color has-background no-border-radius wp-element-button\" href=\"https:\/\/mupicsphoto.monespace.be\/wordpress\/category\/evenements\/\" style=\"background-color:#000000\">C&rsquo;est par ici<\/a><\/div>\n<\/div>\n<\/div>\n\n\n\n<div class=\"wp-block-column has-text-color has-background has-link-color wp-elements-b0bb2a85699e03556405465d93844f25 is-layout-flow wp-block-column-is-layout-flow\" style=\"color:#000000;background-color:#c0ebf1;padding-top:2em;padding-right:2em;padding-bottom:2em;padding-left:2em\">\n<h2 class=\"wp-block-heading\" id=\"patron\" style=\"font-size:40px\">Mus\u00e9es<\/h2>\n\n\n\n<p class=\"has-normal-font-size\">Histoire, culture, savoir, d\u00e9couverte<\/p>\n\n\n\n<hr class=\"wp-block-separator has-css-opacity is-style-wide\"\/>\n\n\n\n<figure class=\"wp-block-image size-large\"><img loading=\"lazy\" decoding=\"async\" width=\"1024\" height=\"473\" src=\"https:\/\/mupicsphoto.monespace.be\/wordpress\/wp-content\/uploads\/2024\/10\/20241015_113824-1024x473.jpg\" alt=\"\" class=\"wp-image-2050\" srcset=\"https:\/\/mupicsphoto.monespace.be\/wordpress\/wp-content\/uploads\/2024\/10\/20241015_113824-1024x473.jpg 1024w, https:\/\/mupicsphoto.monespace.be\/wordpress\/wp-content\/uploads\/2024\/10\/20241015_113824-300x139.jpg 300w, https:\/\/mupicsphoto.monespace.be\/wordpress\/wp-content\/uploads\/2024\/10\/20241015_113824-768x355.jpg 768w, https:\/\/mupicsphoto.monespace.be\/wordpress\/wp-content\/uploads\/2024\/10\/20241015_113824-1240x573.jpg 1240w, https:\/\/mupicsphoto.monespace.be\/wordpress\/wp-content\/uploads\/2024\/10\/20241015_113824-508x235.jpg 508w, https:\/\/mupicsphoto.monespace.be\/wordpress\/wp-content\/uploads\/2024\/10\/20241015_113824-600x277.jpg 600w, https:\/\/mupicsphoto.monespace.be\/wordpress\/wp-content\/uploads\/2024\/10\/20241015_113824.jpg 1500w\" sizes=\"auto, (max-width: 1024px) 100vw, 1024px\" \/><\/figure>\n\n\n\n<div class=\"wp-block-buttons alignfull is-horizontal is-content-justification-center is-layout-flex wp-container-core-buttons-is-layout-499968f5 wp-block-buttons-is-layout-flex\">\n<div class=\"wp-block-button has-custom-width wp-block-button__width-100\"><a class=\"wp-block-button__link has-white-color has-text-color has-background no-border-radius wp-element-button\" href=\"https:\/\/mupicsphoto.monespace.be\/wordpress\/category\/musees\" style=\"background-color:#000000\">C&rsquo;est par ici<\/a><\/div>\n<\/div>\n\n\n\n<div class=\"wp-block-buttons alignfull is-horizontal is-content-justification-center is-layout-flex wp-container-core-buttons-is-layout-499968f5 wp-block-buttons-is-layout-flex\"><\/div>\n<\/div>\n<\/div>\n\n\n<\/p>","protected":false},"excerpt":{"rendered":"<p>Voyages Visitez les diff\u00e9rentes villes, villages dans notre beau pays et au-del\u00e0 des fronti\u00e8res &#8230; urbex L&rsquo;exploration urbaine, est une pratique consistant \u00e0 visiter des lieux abandonn\u00e9s&nbsp; BikE &amp; CAR Entrons dans le monde de la moto&#8230; Memory Lieux de m\u00e9moire. events Marche folklorique, march\u00e9 de No\u00ebl Mus\u00e9es Histoire, culture, savoir, d\u00e9couverte<\/p>\n","protected":false},"author":1,"featured_media":0,"parent":0,"menu_order":0,"comment_status":"closed","ping_status":"closed","template":"","meta":{"two_page_speed":[],"footnotes":""},"class_list":["post-6","page","type-page","status-publish","hentry"],"_links":{"self":[{"href":"https:\/\/mupicsphoto.monespace.be\/wordpress\/wp-json\/wp\/v2\/pages\/6","targetHints":{"allow":["GET"]}}],"collection":[{"href":"https:\/\/mupicsphoto.monespace.be\/wordpress\/wp-json\/wp\/v2\/pages"}],"about":[{"href":"https:\/\/mupicsphoto.monespace.be\/wordpress\/wp-json\/wp\/v2\/types\/page"}],"author":[{"embeddable":true,"href":"https:\/\/mupicsphoto.monespace.be\/wordpress\/wp-json\/wp\/v2\/users\/1"}],"replies":[{"embeddable":true,"href":"https:\/\/mupicsphoto.monespace.be\/wordpress\/wp-json\/wp\/v2\/comments?post=6"}],"version-history":[{"count":77,"href":"https:\/\/mupicsphoto.monespace.be\/wordpress\/wp-json\/wp\/v2\/pages\/6\/revisions"}],"predecessor-version":[{"id":2054,"href":"https:\/\/mupicsphoto.monespace.be\/wordpress\/wp-json\/wp\/v2\/pages\/6\/revisions\/2054"}],"wp:attachment":[{"href":"https:\/\/mupicsphoto.monespace.be\/wordpress\/wp-json\/wp\/v2\/media?parent=6"}],"curies":[{"name":"wp","href":"https:\/\/api.w.org\/{rel}","templated":true}]}}